{"id":1651,"date":"2019-11-04T15:58:09","date_gmt":"2019-11-04T14:58:09","guid":{"rendered":"http:\/\/www.lsg.cz\/erasmus\/?page_id=1651"},"modified":"2019-11-12T09:57:34","modified_gmt":"2019-11-12T08:57:34","slug":"czech-republic","status":"publish","type":"page","link":"http:\/\/www.lsg.cz\/erasmus\/participants\/czech-republic\/","title":{"rendered":"Czech Republic"},"content":{"rendered":"\t\t<div data-elementor-type=\"wp-page\" data-elementor-id=\"1651\" class=\"elementor elementor-1651\">\n\t\t\t\t\t\t<div class=\"elementor-inner\">\n\t\t\t\t<div class=\"elementor-section-wrap\">\n\t\t\t\t\t\t\t\t\t<section class=\"elementor-section elementor-top-section elementor-element elementor-element-5844d8f elementor-section-boxed elementor-section-height-default elementor-section-height-default\" data-id=\"5844d8f\" data-element_type=\"section\">\n\t\t\t\t\t\t<div class=\"elementor-container elementor-column-gap-default\">\n\t\t\t\t\t\t\t<div class=\"elementor-row\">\n\t\t\t\t\t<div class=\"elementor-column elementor-col-100 elementor-top-column elementor-element elementor-element-8c44c4f\" data-id=\"8c44c4f\" data-element_type=\"column\">\n\t\t\t<div class=\"elementor-column-wrap elementor-element-populated\">\n\t\t\t\t\t\t\t<div class=\"elementor-widget-wrap\">\n\t\t\t\t\t\t<div class=\"elementor-element elementor-element-d2c53c0 elementor-widget elementor-widget-spacer\" data-id=\"d2c53c0\" data-element_type=\"widget\" data-widget_type=\"spacer.default\">\n\t\t\t\t<div class=\"elementor-widget-container\">\n\t\t\t\t\t<div class=\"elementor-spacer\">\n\t\t\t<div class=\"elementor-spacer-inner\"><\/div>\n\t\t<\/div>\n\t\t\t\t<\/div>\n\t\t\t\t<\/div>\n\t\t\t\t\t\t<\/div>\n\t\t\t\t\t<\/div>\n\t\t<\/div>\n\t\t\t\t\t\t\t\t<\/div>\n\t\t\t\t\t<\/div>\n\t\t<\/section>\n\t\t\t\t<section class=\"elementor-section elementor-top-section elementor-element elementor-element-9843a27 elementor-section-boxed elementor-section-height-default elementor-section-height-default\" data-id=\"9843a27\" data-element_type=\"section\">\n\t\t\t\t\t\t<div class=\"elementor-container elementor-column-gap-default\">\n\t\t\t\t\t\t\t<div class=\"elementor-row\">\n\t\t\t\t\t<div class=\"elementor-column elementor-col-50 elementor-top-column elementor-element elementor-element-d6c289c\" data-id=\"d6c289c\" data-element_type=\"column\">\n\t\t\t<div class=\"elementor-column-wrap elementor-element-populated\">\n\t\t\t\t\t\t\t<div class=\"elementor-widget-wrap\">\n\t\t\t\t\t\t<div class=\"elementor-element elementor-element-f6c3b03 elementor-widget elementor-widget-heading\" data-id=\"f6c3b03\" data-element_type=\"widget\" data-widget_type=\"heading.default\">\n\t\t\t\t<div class=\"elementor-widget-container\">\n\t\t\t<h2 class=\"elementor-heading-title elementor-size-default\">About our school<\/h2>\t\t<\/div>\n\t\t\t\t<\/div>\n\t\t\t\t<div class=\"elementor-element elementor-element-48ebc6b elementor-widget elementor-widget-text-editor\" data-id=\"48ebc6b\" data-element_type=\"widget\" data-widget_type=\"text-editor.default\">\n\t\t\t\t<div class=\"elementor-widget-container\">\n\t\t\t\t\t\t\t\t<div class=\"elementor-text-editor elementor-clearfix\">\n\t\t\t\t<p><b><span lang=\"EN-GB\">LSG<\/span><\/b><span lang=\"EN-GB\">\u00a0(<span class=\"SpellE\">Letohradsk\u00e9<\/span>\u00a0<span class=\"SpellE\">soukrom\u00e9<\/span>\u00a0<span class=\"SpellE\">gymn\u00e1zium<\/span>) is a small non-state school for secondary education in the nice town of\u00a0<span class=\"SpellE\"><b>Letohrad<\/b><\/span>.\u00a0<span class=\"SpellE\">Letohrad<\/span>\u00a0is located in the picturesque region of the Eagle Mountains near the border with Poland. Our school resides in a beautifully renovated Baroque chateau built in the late 16<sup>th<\/sup>\u00a0century. We share the historic chateau with a hotel, a restaurant and a library.<\/span><\/p>\t\t\t\t\t<\/div>\n\t\t\t\t\t\t<\/div>\n\t\t\t\t<\/div>\n\t\t\t\t\t\t<\/div>\n\t\t\t\t\t<\/div>\n\t\t<\/div>\n\t\t\t\t<div class=\"elementor-column elementor-col-50 elementor-top-column elementor-element elementor-element-75484fb\" data-id=\"75484fb\" data-element_type=\"column\">\n\t\t\t<div class=\"elementor-column-wrap elementor-element-populated\">\n\t\t\t\t\t\t\t<div class=\"elementor-widget-wrap\">\n\t\t\t\t\t\t<div class=\"elementor-element elementor-element-9e3abd0 elementor-widget elementor-widget-image\" data-id=\"9e3abd0\" data-element_type=\"widget\" data-widget_type=\"image.default\">\n\t\t\t\t<div class=\"elementor-widget-container\">\n\t\t\t\t\t\t\t\t<div class=\"elementor-image\">\n\t\t\t\t\t\t\t\t\t\t\t\t<img loading=\"lazy\" decoding=\"async\" width=\"300\" height=\"225\" src=\"http:\/\/www.lsg.cz\/erasmus\/wp-content\/uploads\/2019\/11\/WEB-kanto\u0159i-300x225.jpg\" class=\"attachment-medium size-medium\" alt=\"\" srcset=\"http:\/\/www.lsg.cz\/erasmus\/wp-content\/uploads\/2019\/11\/WEB-kanto\u0159i-300x225.jpg 300w, http:\/\/www.lsg.cz\/erasmus\/wp-content\/uploads\/2019\/11\/WEB-kanto\u0159i-768x576.jpg 768w, http:\/\/www.lsg.cz\/erasmus\/wp-content\/uploads\/2019\/11\/WEB-kanto\u0159i-1024x768.jpg 1024w\" sizes=\"(max-width: 300px) 100vw, 300px\" \/>\t\t\t\t\t\t\t\t\t\t\t\t\t\t<\/div>\n\t\t\t\t\t\t<\/div>\n\t\t\t\t<\/div>\n\t\t\t\t\t\t<\/div>\n\t\t\t\t\t<\/div>\n\t\t<\/div>\n\t\t\t\t\t\t\t\t<\/div>\n\t\t\t\t\t<\/div>\n\t\t<\/section>\n\t\t\t\t<section class=\"elementor-section elementor-top-section elementor-element elementor-element-5666522 elementor-section-boxed elementor-section-height-default elementor-section-height-default\" data-id=\"5666522\" data-element_type=\"section\">\n\t\t\t\t\t\t<div class=\"elementor-container elementor-column-gap-default\">\n\t\t\t\t\t\t\t<div class=\"elementor-row\">\n\t\t\t\t\t<div class=\"elementor-column elementor-col-50 elementor-top-column elementor-element elementor-element-072502d\" data-id=\"072502d\" data-element_type=\"column\">\n\t\t\t<div class=\"elementor-column-wrap elementor-element-populated\">\n\t\t\t\t\t\t\t<div class=\"elementor-widget-wrap\">\n\t\t\t\t\t\t<div class=\"elementor-element elementor-element-a450efe elementor-widget elementor-widget-spacer\" data-id=\"a450efe\" data-element_type=\"widget\" data-widget_type=\"spacer.default\">\n\t\t\t\t<div class=\"elementor-widget-container\">\n\t\t\t\t\t<div class=\"elementor-spacer\">\n\t\t\t<div class=\"elementor-spacer-inner\"><\/div>\n\t\t<\/div>\n\t\t\t\t<\/div>\n\t\t\t\t<\/div>\n\t\t\t\t<div class=\"elementor-element elementor-element-30d4e85 elementor-widget elementor-widget-image\" data-id=\"30d4e85\" data-element_type=\"widget\" data-widget_type=\"image.default\">\n\t\t\t\t<div class=\"elementor-widget-container\">\n\t\t\t\t\t\t\t\t<div class=\"elementor-image\">\n\t\t\t\t\t\t\t\t\t\t\t\t<img loading=\"lazy\" decoding=\"async\" width=\"353\" height=\"236\" src=\"http:\/\/www.lsg.cz\/erasmus\/wp-content\/uploads\/2019\/11\/WEB-our-students.jpg\" class=\"attachment-full size-full\" alt=\"\" srcset=\"http:\/\/www.lsg.cz\/erasmus\/wp-content\/uploads\/2019\/11\/WEB-our-students.jpg 353w, http:\/\/www.lsg.cz\/erasmus\/wp-content\/uploads\/2019\/11\/WEB-our-students-300x201.jpg 300w\" sizes=\"(max-width: 353px) 100vw, 353px\" \/>\t\t\t\t\t\t\t\t\t\t\t\t\t\t<\/div>\n\t\t\t\t\t\t<\/div>\n\t\t\t\t<\/div>\n\t\t\t\t\t\t<\/div>\n\t\t\t\t\t<\/div>\n\t\t<\/div>\n\t\t\t\t<div class=\"elementor-column elementor-col-50 elementor-top-column elementor-element elementor-element-46b0236\" data-id=\"46b0236\" data-element_type=\"column\">\n\t\t\t<div class=\"elementor-column-wrap elementor-element-populated\">\n\t\t\t\t\t\t\t<div class=\"elementor-widget-wrap\">\n\t\t\t\t\t\t<div class=\"elementor-element elementor-element-a1e843c elementor-widget elementor-widget-heading\" data-id=\"a1e843c\" data-element_type=\"widget\" data-widget_type=\"heading.default\">\n\t\t\t\t<div class=\"elementor-widget-container\">\n\t\t\t<h2 class=\"elementor-heading-title elementor-size-default\">Education<\/h2>\t\t<\/div>\n\t\t\t\t<\/div>\n\t\t\t\t<div class=\"elementor-element elementor-element-16febc6 elementor-widget elementor-widget-text-editor\" data-id=\"16febc6\" data-element_type=\"widget\" data-widget_type=\"text-editor.default\">\n\t\t\t\t<div class=\"elementor-widget-container\">\n\t\t\t\t\t\t\t\t<div class=\"elementor-text-editor elementor-clearfix\">\n\t\t\t\t<p class=\"hla_text_11\"><span lang=\"EN-GB\">LSG provides general secondary education and so we place emphasis on the\u00a0<b>balance<\/b> between humanities and sciences. At higher grades we create possibility for the students to focus on their future study and career through a wide range of optional subjects. We emphasise studying foreign languages: we teach English, German, Spanish, French and Russian.<\/span><\/p><p class=\"hla_text_11\"><span lang=\"EN-GB\">LSG also offers individual study programme for active sportsmen preparing for their professional sport career. At present, 11 such students take advantage of the programme.<\/span><\/p><p class=\"hla_text_11\"><span lang=\"EN-GB\">All students can enjoy various sports courses and activities.<\/span><\/p>\t\t\t\t\t<\/div>\n\t\t\t\t\t\t<\/div>\n\t\t\t\t<\/div>\n\t\t\t\t\t\t<\/div>\n\t\t\t\t\t<\/div>\n\t\t<\/div>\n\t\t\t\t\t\t\t\t<\/div>\n\t\t\t\t\t<\/div>\n\t\t<\/section>\n\t\t\t\t<section class=\"elementor-section elementor-top-section elementor-element elementor-element-b264f7d elementor-section-boxed elementor-section-height-default elementor-section-height-default\" data-id=\"b264f7d\" data-element_type=\"section\">\n\t\t\t\t\t\t<div class=\"elementor-container elementor-column-gap-default\">\n\t\t\t\t\t\t\t<div class=\"elementor-row\">\n\t\t\t\t\t<div class=\"elementor-column elementor-col-50 elementor-top-column elementor-element elementor-element-d9e7c16\" data-id=\"d9e7c16\" data-element_type=\"column\">\n\t\t\t<div class=\"elementor-column-wrap elementor-element-populated\">\n\t\t\t\t\t\t\t<div class=\"elementor-widget-wrap\">\n\t\t\t\t\t\t<div class=\"elementor-element elementor-element-c33015e elementor-widget elementor-widget-heading\" data-id=\"c33015e\" data-element_type=\"widget\" data-widget_type=\"heading.default\">\n\t\t\t\t<div class=\"elementor-widget-container\">\n\t\t\t<h2 class=\"elementor-heading-title elementor-size-default\">The Erasmus Programme<\/h2>\t\t<\/div>\n\t\t\t\t<\/div>\n\t\t\t\t<div class=\"elementor-element elementor-element-3e6a529 elementor-widget elementor-widget-text-editor\" data-id=\"3e6a529\" data-element_type=\"widget\" data-widget_type=\"text-editor.default\">\n\t\t\t\t<div class=\"elementor-widget-container\">\n\t\t\t\t\t\t\t\t<div class=\"elementor-text-editor elementor-clearfix\">\n\t\t\t\t<p><span style=\"font-weight: 400;\">&#8211;<strong>scientific workshops<\/strong><\/span><\/p><p><span style=\"font-weight: 400;\">-excursion to <strong>Contipro<\/strong><\/span><\/p><p><span style=\"font-weight: 400;\">&#8211;<strong>Prague<\/strong>: main sights, <\/span><span style=\"font-weight: 400;\">Museum of Senses<\/span><\/p><p><span style=\"font-weight: 400;\">-brewery in Rychnov n.K.<\/span><\/p><p><span style=\"font-weight: 400;\">&#8211;<strong>town game<\/strong> in Letohrad<\/span><\/p><p><span style=\"font-weight: 400;\">-sights in Letohrad<\/span><\/p>\t\t\t\t\t<\/div>\n\t\t\t\t\t\t<\/div>\n\t\t\t\t<\/div>\n\t\t\t\t\t\t<\/div>\n\t\t\t\t\t<\/div>\n\t\t<\/div>\n\t\t\t\t<div class=\"elementor-column elementor-col-50 elementor-top-column elementor-element elementor-element-872235d\" data-id=\"872235d\" data-element_type=\"column\">\n\t\t\t<div class=\"elementor-column-wrap elementor-element-populated\">\n\t\t\t\t\t\t\t<div class=\"elementor-widget-wrap\">\n\t\t\t\t\t\t<div class=\"elementor-element elementor-element-8a556dc elementor-widget elementor-widget-spacer\" data-id=\"8a556dc\" data-element_type=\"widget\" data-widget_type=\"spacer.default\">\n\t\t\t\t<div class=\"elementor-widget-container\">\n\t\t\t\t\t<div class=\"elementor-spacer\">\n\t\t\t<div class=\"elementor-spacer-inner\"><\/div>\n\t\t<\/div>\n\t\t\t\t<\/div>\n\t\t\t\t<\/div>\n\t\t\t\t<div class=\"elementor-element elementor-element-90f582d elementor-widget elementor-widget-image\" data-id=\"90f582d\" data-element_type=\"widget\" data-widget_type=\"image.default\">\n\t\t\t\t<div class=\"elementor-widget-container\">\n\t\t\t\t\t\t\t\t<div class=\"elementor-image\">\n\t\t\t\t\t\t\t\t\t\t\t\t<img decoding=\"async\" src=\"http:\/\/www.lsg.cz\/erasmus\/wp-content\/uploads\/elementor\/thumbs\/contipro-e1573486773197-ogkgkdri8fs27l9a6pm9inu5cf1bmsfj40ulhnpwsk.jpg\" title=\"contipro\" alt=\"contipro\" \/>\t\t\t\t\t\t\t\t\t\t\t\t\t\t<\/div>\n\t\t\t\t\t\t<\/div>\n\t\t\t\t<\/div>\n\t\t\t\t\t\t<\/div>\n\t\t\t\t\t<\/div>\n\t\t<\/div>\n\t\t\t\t\t\t\t\t<\/div>\n\t\t\t\t\t<\/div>\n\t\t<\/section>\n\t\t\t\t<section class=\"elementor-section elementor-top-section elementor-element elementor-element-819abb1 elementor-section-boxed elementor-section-height-default elementor-section-height-default\" data-id=\"819abb1\" data-element_type=\"section\">\n\t\t\t\t\t\t<div class=\"elementor-container elementor-column-gap-default\">\n\t\t\t\t\t\t\t<div class=\"elementor-row\">\n\t\t\t\t\t<div class=\"elementor-column elementor-col-100 elementor-top-column elementor-element elementor-element-1fa4dd2\" data-id=\"1fa4dd2\" data-element_type=\"column\">\n\t\t\t<div class=\"elementor-column-wrap elementor-element-populated\">\n\t\t\t\t\t\t\t<div class=\"elementor-widget-wrap\">\n\t\t\t\t\t\t<div class=\"elementor-element elementor-element-a3c235d elementor-widget elementor-widget-counter\" data-id=\"a3c235d\" data-element_type=\"widget\" data-widget_type=\"counter.default\">\n\t\t\t\t<div class=\"elementor-widget-container\">\n\t\t\t\t\t<div class=\"elementor-counter\">\n\t\t\t<div class=\"elementor-counter-number-wrapper\">\n\t\t\t\t<span class=\"elementor-counter-number-prefix\"><\/span>\n\t\t\t\t<span class=\"elementor-counter-number\" data-duration=\"2000\" data-to-value=\"180\" data-from-value=\"0\" data-delimiter=\" \">0<\/span>\n\t\t\t\t<span class=\"elementor-counter-number-suffix\"><\/span>\n\t\t\t<\/div>\n\t\t\t\t\t\t\t<div class=\"elementor-counter-title\">Students <\/div>\n\t\t\t\t\t<\/div>\n\t\t\t\t<\/div>\n\t\t\t\t<\/div>\n\t\t\t\t<div class=\"elementor-element elementor-element-244e841 elementor-widget elementor-widget-spacer\" data-id=\"244e841\" data-element_type=\"widget\" data-widget_type=\"spacer.default\">\n\t\t\t\t<div class=\"elementor-widget-container\">\n\t\t\t\t\t<div class=\"elementor-spacer\">\n\t\t\t<div class=\"elementor-spacer-inner\"><\/div>\n\t\t<\/div>\n\t\t\t\t<\/div>\n\t\t\t\t<\/div>\n\t\t\t\t\t\t<\/div>\n\t\t\t\t\t<\/div>\n\t\t<\/div>\n\t\t\t\t\t\t\t\t<\/div>\n\t\t\t\t\t<\/div>\n\t\t<\/section>\n\t\t\t\t\t\t\t\t\t<\/div>\n\t\t\t<\/div>\n\t\t\t\t\t<\/div>\n\t\t","protected":false},"excerpt":{"rendered":"<p>About our school LSG\u00a0(Letohradsk\u00e9\u00a0soukrom\u00e9\u00a0gymn\u00e1zium) is a small non-state school for secondary education in the nice town of\u00a0Letohrad.\u00a0Letohrad\u00a0is located in the picturesque region of the Eagle Mountains near the border with Poland. Our school resides in a beautifully renovated Baroque chateau built in the late 16th\u00a0century. We share the historic chateau with a hotel, a restaurant &hellip;<\/p>\n<p class=\"read-more\"> <a class=\"\" href=\"http:\/\/www.lsg.cz\/erasmus\/participants\/czech-republic\/\"> <span class=\"screen-reader-text\">Czech Republic<\/span> Pokra\u010dovat ve \u010dten\u00ed &raquo;<\/a><\/p>\n","protected":false},"author":1,"featured_media":0,"parent":1738,"menu_order":0,"comment_status":"closed","ping_status":"closed","template":"","meta":{"site-sidebar-layout":"no-sidebar","site-content-layout":"page-builder","ast-global-header-display":"","ast-main-header-display":"","ast-hfb-above-header-display":"","ast-hfb-below-header-display":"","ast-hfb-mobile-header-display":"","site-post-title":"disabled","ast-breadcrumbs-content":"","ast-featured-img":"disabled","footer-sml-layout":"","theme-transparent-header-meta":"default","adv-header-id-meta":"","stick-header-meta":"","header-above-stick-meta":"","header-main-stick-meta":"","header-below-stick-meta":"","footnotes":""},"_links":{"self":[{"href":"http:\/\/www.lsg.cz\/erasmus\/wp-json\/wp\/v2\/pages\/1651"}],"collection":[{"href":"http:\/\/www.lsg.cz\/erasmus\/wp-json\/wp\/v2\/pages"}],"about":[{"href":"http:\/\/www.lsg.cz\/erasmus\/wp-json\/wp\/v2\/types\/page"}],"author":[{"embeddable":true,"href":"http:\/\/www.lsg.cz\/erasmus\/wp-json\/wp\/v2\/users\/1"}],"replies":[{"embeddable":true,"href":"http:\/\/www.lsg.cz\/erasmus\/wp-json\/wp\/v2\/comments?post=1651"}],"version-history":[{"count":20,"href":"http:\/\/www.lsg.cz\/erasmus\/wp-json\/wp\/v2\/pages\/1651\/revisions"}],"predecessor-version":[{"id":1748,"href":"http:\/\/www.lsg.cz\/erasmus\/wp-json\/wp\/v2\/pages\/1651\/revisions\/1748"}],"up":[{"embeddable":true,"href":"http:\/\/www.lsg.cz\/erasmus\/wp-json\/wp\/v2\/pages\/1738"}],"wp:attachment":[{"href":"http:\/\/www.lsg.cz\/erasmus\/wp-json\/wp\/v2\/media?parent=1651"}],"curies":[{"name":"wp","href":"https:\/\/api.w.org\/{rel}","templated":true}]}}