{"id":1686,"date":"2019-11-11T17:18:25","date_gmt":"2019-11-11T16:18:25","guid":{"rendered":"http:\/\/www.lsg.cz\/erasmus\/?page_id=1686"},"modified":"2019-11-12T09:56:31","modified_gmt":"2019-11-12T08:56:31","slug":"greece","status":"publish","type":"page","link":"http:\/\/www.lsg.cz\/erasmus\/participants\/greece\/","title":{"rendered":"Greece"},"content":{"rendered":"\t\t<div data-elementor-type=\"wp-page\" data-elementor-id=\"1686\" class=\"elementor elementor-1686\">\n\t\t\t\t\t\t<div class=\"elementor-inner\">\n\t\t\t\t<div class=\"elementor-section-wrap\">\n\t\t\t\t\t\t\t\t\t<section class=\"elementor-section elementor-top-section elementor-element elementor-element-4691b6f elementor-section-boxed elementor-section-height-default elementor-section-height-default\" data-id=\"4691b6f\" data-element_type=\"section\">\n\t\t\t\t\t\t<div class=\"elementor-container elementor-column-gap-default\">\n\t\t\t\t\t\t\t<div class=\"elementor-row\">\n\t\t\t\t\t<div class=\"elementor-column elementor-col-100 elementor-top-column elementor-element elementor-element-aaf9a96\" data-id=\"aaf9a96\" data-element_type=\"column\">\n\t\t\t<div class=\"elementor-column-wrap elementor-element-populated\">\n\t\t\t\t\t\t\t<div class=\"elementor-widget-wrap\">\n\t\t\t\t\t\t<div class=\"elementor-element elementor-element-7c04232 elementor-widget elementor-widget-spacer\" data-id=\"7c04232\" data-element_type=\"widget\" data-widget_type=\"spacer.default\">\n\t\t\t\t<div class=\"elementor-widget-container\">\n\t\t\t\t\t<div class=\"elementor-spacer\">\n\t\t\t<div class=\"elementor-spacer-inner\"><\/div>\n\t\t<\/div>\n\t\t\t\t<\/div>\n\t\t\t\t<\/div>\n\t\t\t\t\t\t<\/div>\n\t\t\t\t\t<\/div>\n\t\t<\/div>\n\t\t\t\t\t\t\t\t<\/div>\n\t\t\t\t\t<\/div>\n\t\t<\/section>\n\t\t\t\t<section class=\"elementor-section elementor-top-section elementor-element elementor-element-ba2e633 elementor-section-boxed elementor-section-height-default elementor-section-height-default\" data-id=\"ba2e633\" data-element_type=\"section\">\n\t\t\t\t\t\t<div class=\"elementor-container elementor-column-gap-default\">\n\t\t\t\t\t\t\t<div class=\"elementor-row\">\n\t\t\t\t\t<div class=\"elementor-column elementor-col-100 elementor-top-column elementor-element elementor-element-5c9bfac\" data-id=\"5c9bfac\" data-element_type=\"column\">\n\t\t\t<div class=\"elementor-column-wrap elementor-element-populated\">\n\t\t\t\t\t\t\t<div class=\"elementor-widget-wrap\">\n\t\t\t\t\t\t<div class=\"elementor-element elementor-element-fa8c915 elementor-widget elementor-widget-heading\" data-id=\"fa8c915\" data-element_type=\"widget\" data-widget_type=\"heading.default\">\n\t\t\t\t<div class=\"elementor-widget-container\">\n\t\t\t<h2 class=\"elementor-heading-title elementor-size-default\">About our school<\/h2>\t\t<\/div>\n\t\t\t\t<\/div>\n\t\t\t\t<div class=\"elementor-element elementor-element-52265d6 elementor-widget elementor-widget-text-editor\" data-id=\"52265d6\" data-element_type=\"widget\" data-widget_type=\"text-editor.default\">\n\t\t\t\t<div class=\"elementor-widget-container\">\n\t\t\t\t\t\t\t\t<div class=\"elementor-text-editor elementor-clearfix\">\n\t\t\t\t<p>Gymnasio Nikaias is a public school near the city of Larisa!\u00a0 We share the building with the high school of Nikaia. There are 163 students that are educated by our 17 teachers.<\/p>\t\t\t\t\t<\/div>\n\t\t\t\t\t\t<\/div>\n\t\t\t\t<\/div>\n\t\t\t\t\t\t<\/div>\n\t\t\t\t\t<\/div>\n\t\t<\/div>\n\t\t\t\t\t\t\t\t<\/div>\n\t\t\t\t\t<\/div>\n\t\t<\/section>\n\t\t\t\t<section class=\"elementor-section elementor-top-section elementor-element elementor-element-f5dac77 elementor-section-boxed elementor-section-height-default elementor-section-height-default\" data-id=\"f5dac77\" data-element_type=\"section\">\n\t\t\t\t\t\t<div class=\"elementor-container elementor-column-gap-default\">\n\t\t\t\t\t\t\t<div class=\"elementor-row\">\n\t\t\t\t\t<div class=\"elementor-column elementor-col-100 elementor-top-column elementor-element elementor-element-a398c37\" data-id=\"a398c37\" data-element_type=\"column\">\n\t\t\t<div class=\"elementor-column-wrap elementor-element-populated\">\n\t\t\t\t\t\t\t<div class=\"elementor-widget-wrap\">\n\t\t\t\t\t\t<div class=\"elementor-element elementor-element-d88d706 elementor-widget elementor-widget-heading\" data-id=\"d88d706\" data-element_type=\"widget\" data-widget_type=\"heading.default\">\n\t\t\t\t<div class=\"elementor-widget-container\">\n\t\t\t<h2 class=\"elementor-heading-title elementor-size-default\">Education<\/h2>\t\t<\/div>\n\t\t\t\t<\/div>\n\t\t\t\t<div class=\"elementor-element elementor-element-731c9c4 elementor-widget elementor-widget-text-editor\" data-id=\"731c9c4\" data-element_type=\"widget\" data-widget_type=\"text-editor.default\">\n\t\t\t\t<div class=\"elementor-widget-container\">\n\t\t\t\t\t\t\t\t<div class=\"elementor-text-editor elementor-clearfix\">\n\t\t\t\t<p>Gymnasio Nikaias administers its students with general knowledge like mathematics, ancient Greek, Greek literature, Homer\u2019 epic poems etc.\u00a0English, German, French are taught as foreign languages as well.<\/p><p>We use different approaches and extracurricular activities for our students such as competitions, music events, theatre, art, voluntarism, visits to museums and other places of interest.<\/p>\t\t\t\t\t<\/div>\n\t\t\t\t\t\t<\/div>\n\t\t\t\t<\/div>\n\t\t\t\t\t\t<\/div>\n\t\t\t\t\t<\/div>\n\t\t<\/div>\n\t\t\t\t\t\t\t\t<\/div>\n\t\t\t\t\t<\/div>\n\t\t<\/section>\n\t\t\t\t<section class=\"elementor-section elementor-top-section elementor-element elementor-element-193371f elementor-section-boxed elementor-section-height-default elementor-section-height-default\" data-id=\"193371f\" data-element_type=\"section\">\n\t\t\t\t\t\t<div class=\"elementor-container elementor-column-gap-default\">\n\t\t\t\t\t\t\t<div class=\"elementor-row\">\n\t\t\t\t\t<div class=\"elementor-column elementor-col-100 elementor-top-column elementor-element elementor-element-3c4cfcf\" data-id=\"3c4cfcf\" data-element_type=\"column\">\n\t\t\t<div class=\"elementor-column-wrap elementor-element-populated\">\n\t\t\t\t\t\t\t<div class=\"elementor-widget-wrap\">\n\t\t\t\t\t\t<div class=\"elementor-element elementor-element-f4652ba elementor-widget elementor-widget-heading\" data-id=\"f4652ba\" data-element_type=\"widget\" data-widget_type=\"heading.default\">\n\t\t\t\t<div class=\"elementor-widget-container\">\n\t\t\t<h2 class=\"elementor-heading-title elementor-size-default\">The Erasmus Programme<\/h2>\t\t<\/div>\n\t\t\t\t<\/div>\n\t\t\t\t<div class=\"elementor-element elementor-element-415f015 elementor-widget elementor-widget-text-editor\" data-id=\"415f015\" data-element_type=\"widget\" data-widget_type=\"text-editor.default\">\n\t\t\t\t<div class=\"elementor-widget-container\">\n\t\t\t\t\t\t\t\t<div class=\"elementor-text-editor elementor-clearfix\">\n\t\t\t\t<p>&#8211; <strong>dietary<\/strong> \u00a0workshops<\/p><p>&#8211; excursion to\u00a0<strong>Meteora<\/strong><\/p><p>&#8211; trekking on <strong>Olympus mountain<\/strong><\/p><p>&#8211; sights in <strong>Larisa<\/strong><\/p><p>&#8211; visits to <strong>local producers<\/strong><\/p>\t\t\t\t\t<\/div>\n\t\t\t\t\t\t<\/div>\n\t\t\t\t<\/div>\n\t\t\t\t\t\t<\/div>\n\t\t\t\t\t<\/div>\n\t\t<\/div>\n\t\t\t\t\t\t\t\t<\/div>\n\t\t\t\t\t<\/div>\n\t\t<\/section>\n\t\t\t\t<section class=\"elementor-section elementor-top-section elementor-element elementor-element-f2d00b1 elementor-section-boxed elementor-section-height-default elementor-section-height-default\" data-id=\"f2d00b1\" data-element_type=\"section\">\n\t\t\t\t\t\t<div class=\"elementor-container elementor-column-gap-default\">\n\t\t\t\t\t\t\t<div class=\"elementor-row\">\n\t\t\t\t\t<div class=\"elementor-column elementor-col-100 elementor-top-column elementor-element elementor-element-6b4f3fb\" data-id=\"6b4f3fb\" data-element_type=\"column\">\n\t\t\t<div class=\"elementor-column-wrap elementor-element-populated\">\n\t\t\t\t\t\t\t<div class=\"elementor-widget-wrap\">\n\t\t\t\t\t\t<div class=\"elementor-element elementor-element-0705693 elementor-widget elementor-widget-image-gallery\" data-id=\"0705693\" data-element_type=\"widget\" data-widget_type=\"image-gallery.default\">\n\t\t\t\t<div class=\"elementor-widget-container\">\n\t\t\t\t\t<div class=\"elementor-image-gallery\">\n\t\t\t<div id='gallery-1' class='gallery galleryid-1686 gallery-columns-6 gallery-size-thumbnail'><figure class='gallery-item'>\n\t\t\t<div class='gallery-icon portrait'>\n\t\t\t\t<a data-elementor-open-lightbox=\"yes\" data-elementor-lightbox-slideshow=\"0705693\" data-elementor-lightbox-title=\"greece\" e-action-hash=\"#elementor-action%3Aaction%3Dlightbox%26settings%3DeyJpZCI6MTY5MywidXJsIjoiaHR0cDpcL1wvd3d3LmxzZy5jelwvZXJhc211c1wvd3AtY29udGVudFwvdXBsb2Fkc1wvMjAxOVwvMTFcL3N4b2xpa29zLWF0aGwyLWUxNTczNTQxODc3NTkwLmpwZyIsInNsaWRlc2hvdyI6IjA3MDU2OTMifQ%3D%3D\" href='http:\/\/www.lsg.cz\/erasmus\/wp-content\/uploads\/2019\/11\/sxolikos-athl2-e1573541877590.jpg'><img loading=\"lazy\" decoding=\"async\" width=\"150\" height=\"150\" src=\"http:\/\/www.lsg.cz\/erasmus\/wp-content\/uploads\/2019\/11\/sxolikos-athl2-e1573541877590-150x150.jpg\" class=\"attachment-thumbnail size-thumbnail\" alt=\"\" \/><\/a>\n\t\t\t<\/div><\/figure><figure class='gallery-item'>\n\t\t\t<div class='gallery-icon landscape'>\n\t\t\t\t<a data-elementor-open-lightbox=\"yes\" data-elementor-lightbox-slideshow=\"0705693\" data-elementor-lightbox-title=\"greece\" e-action-hash=\"#elementor-action%3Aaction%3Dlightbox%26settings%3DeyJpZCI6MTY5NCwidXJsIjoiaHR0cDpcL1wvd3d3LmxzZy5jelwvZXJhc211c1wvd3AtY29udGVudFwvdXBsb2Fkc1wvMjAxOVwvMTFcL1x1MDM5NVx1MDNiOVx1MDNiYVx1MDNjY1x1MDNiZFx1MDNiMTEucG5nIiwic2xpZGVzaG93IjoiMDcwNTY5MyJ9\" href='http:\/\/www.lsg.cz\/erasmus\/wp-content\/uploads\/2019\/11\/\u0395\u03b9\u03ba\u03cc\u03bd\u03b11.png'><img loading=\"lazy\" decoding=\"async\" width=\"150\" height=\"150\" src=\"http:\/\/www.lsg.cz\/erasmus\/wp-content\/uploads\/2019\/11\/\u0395\u03b9\u03ba\u03cc\u03bd\u03b11-150x150.png\" class=\"attachment-thumbnail size-thumbnail\" alt=\"\" \/><\/a>\n\t\t\t<\/div><\/figure><figure class='gallery-item'>\n\t\t\t<div class='gallery-icon landscape'>\n\t\t\t\t<a data-elementor-open-lightbox=\"yes\" data-elementor-lightbox-slideshow=\"0705693\" data-elementor-lightbox-title=\"\u0395\u03b9\u03ba\u03cc\u03bd\u03b12\" e-action-hash=\"#elementor-action%3Aaction%3Dlightbox%26settings%3DeyJpZCI6MTY5NSwidXJsIjoiaHR0cDpcL1wvd3d3LmxzZy5jelwvZXJhc211c1wvd3AtY29udGVudFwvdXBsb2Fkc1wvMjAxOVwvMTFcL1x1MDM5NVx1MDNiOVx1MDNiYVx1MDNjY1x1MDNiZFx1MDNiMTIucG5nIiwic2xpZGVzaG93IjoiMDcwNTY5MyJ9\" href='http:\/\/www.lsg.cz\/erasmus\/wp-content\/uploads\/2019\/11\/\u0395\u03b9\u03ba\u03cc\u03bd\u03b12.png'><img loading=\"lazy\" decoding=\"async\" width=\"150\" height=\"150\" src=\"http:\/\/www.lsg.cz\/erasmus\/wp-content\/uploads\/2019\/11\/\u0395\u03b9\u03ba\u03cc\u03bd\u03b12-150x150.png\" class=\"attachment-thumbnail size-thumbnail\" alt=\"\" \/><\/a>\n\t\t\t<\/div><\/figure><figure class='gallery-item'>\n\t\t\t<div class='gallery-icon landscape'>\n\t\t\t\t<a data-elementor-open-lightbox=\"yes\" data-elementor-lightbox-slideshow=\"0705693\" data-elementor-lightbox-title=\"greece\" e-action-hash=\"#elementor-action%3Aaction%3Dlightbox%26settings%3DeyJpZCI6MTY5NiwidXJsIjoiaHR0cDpcL1wvd3d3LmxzZy5jelwvZXJhc211c1wvd3AtY29udGVudFwvdXBsb2Fkc1wvMjAxOVwvMTFcL1x1MDM5NVx1MDNiOVx1MDNiYVx1MDNjY1x1MDNiZFx1MDNiMTQucG5nIiwic2xpZGVzaG93IjoiMDcwNTY5MyJ9\" href='http:\/\/www.lsg.cz\/erasmus\/wp-content\/uploads\/2019\/11\/\u0395\u03b9\u03ba\u03cc\u03bd\u03b14.png'><img loading=\"lazy\" decoding=\"async\" width=\"150\" height=\"150\" src=\"http:\/\/www.lsg.cz\/erasmus\/wp-content\/uploads\/2019\/11\/\u0395\u03b9\u03ba\u03cc\u03bd\u03b14-150x150.png\" class=\"attachment-thumbnail size-thumbnail\" alt=\"\" \/><\/a>\n\t\t\t<\/div><\/figure><figure class='gallery-item'>\n\t\t\t<div class='gallery-icon landscape'>\n\t\t\t\t<a data-elementor-open-lightbox=\"yes\" data-elementor-lightbox-slideshow=\"0705693\" data-elementor-lightbox-title=\"greece\" e-action-hash=\"#elementor-action%3Aaction%3Dlightbox%26settings%3DeyJpZCI6MTY5NywidXJsIjoiaHR0cDpcL1wvd3d3LmxzZy5jelwvZXJhc211c1wvd3AtY29udGVudFwvdXBsb2Fkc1wvMjAxOVwvMTFcL1x1MDM5NVx1MDNiOVx1MDNiYVx1MDNjY1x1MDNiZFx1MDNiMTUucG5nIiwic2xpZGVzaG93IjoiMDcwNTY5MyJ9\" href='http:\/\/www.lsg.cz\/erasmus\/wp-content\/uploads\/2019\/11\/\u0395\u03b9\u03ba\u03cc\u03bd\u03b15.png'><img loading=\"lazy\" decoding=\"async\" width=\"150\" height=\"150\" src=\"http:\/\/www.lsg.cz\/erasmus\/wp-content\/uploads\/2019\/11\/\u0395\u03b9\u03ba\u03cc\u03bd\u03b15-150x150.png\" class=\"attachment-thumbnail size-thumbnail\" alt=\"\" \/><\/a>\n\t\t\t<\/div><\/figure><figure class='gallery-item'>\n\t\t\t<div class='gallery-icon landscape'>\n\t\t\t\t<a data-elementor-open-lightbox=\"yes\" data-elementor-lightbox-slideshow=\"0705693\" data-elementor-lightbox-title=\"greece\" e-action-hash=\"#elementor-action%3Aaction%3Dlightbox%26settings%3DeyJpZCI6MTY5OCwidXJsIjoiaHR0cDpcL1wvd3d3LmxzZy5jelwvZXJhc211c1wvd3AtY29udGVudFwvdXBsb2Fkc1wvMjAxOVwvMTFcL1x1MDNjM1x1MDNjN1x1MDNiZlx1MDNiYlx1MDNiNVx1MDNiOVx1MDNiZi5wbmciLCJzbGlkZXNob3ciOiIwNzA1NjkzIn0%3D\" href='http:\/\/www.lsg.cz\/erasmus\/wp-content\/uploads\/2019\/11\/\u03c3\u03c7\u03bf\u03bb\u03b5\u03b9\u03bf.png'><img loading=\"lazy\" decoding=\"async\" width=\"150\" height=\"150\" src=\"http:\/\/www.lsg.cz\/erasmus\/wp-content\/uploads\/2019\/11\/\u03c3\u03c7\u03bf\u03bb\u03b5\u03b9\u03bf-150x150.png\" class=\"attachment-thumbnail size-thumbnail\" alt=\"\" \/><\/a>\n\t\t\t<\/div><\/figure>\n\t\t<\/div>\n\t\t<\/div>\n\t\t\t\t<\/div>\n\t\t\t\t<\/div>\n\t\t\t\t\t\t<\/div>\n\t\t\t\t\t<\/div>\n\t\t<\/div>\n\t\t\t\t\t\t\t\t<\/div>\n\t\t\t\t\t<\/div>\n\t\t<\/section>\n\t\t\t\t<section class=\"elementor-section elementor-top-section elementor-element elementor-element-9decef6 elementor-section-boxed elementor-section-height-default elementor-section-height-default\" data-id=\"9decef6\" data-element_type=\"section\">\n\t\t\t\t\t\t<div class=\"elementor-container elementor-column-gap-default\">\n\t\t\t\t\t\t\t<div class=\"elementor-row\">\n\t\t\t\t\t<div class=\"elementor-column elementor-col-100 elementor-top-column elementor-element elementor-element-24b8df5\" data-id=\"24b8df5\" data-element_type=\"column\">\n\t\t\t<div class=\"elementor-column-wrap elementor-element-populated\">\n\t\t\t\t\t\t\t<div class=\"elementor-widget-wrap\">\n\t\t\t\t\t\t<div class=\"elementor-element elementor-element-2f1a470 elementor-widget elementor-widget-spacer\" data-id=\"2f1a470\" data-element_type=\"widget\" data-widget_type=\"spacer.default\">\n\t\t\t\t<div class=\"elementor-widget-container\">\n\t\t\t\t\t<div class=\"elementor-spacer\">\n\t\t\t<div class=\"elementor-spacer-inner\"><\/div>\n\t\t<\/div>\n\t\t\t\t<\/div>\n\t\t\t\t<\/div>\n\t\t\t\t<div class=\"elementor-element elementor-element-998261d elementor-widget elementor-widget-counter\" data-id=\"998261d\" data-element_type=\"widget\" data-widget_type=\"counter.default\">\n\t\t\t\t<div class=\"elementor-widget-container\">\n\t\t\t\t\t<div class=\"elementor-counter\">\n\t\t\t<div class=\"elementor-counter-number-wrapper\">\n\t\t\t\t<span class=\"elementor-counter-number-prefix\"><\/span>\n\t\t\t\t<span class=\"elementor-counter-number\" data-duration=\"2000\" data-to-value=\"180\" data-from-value=\"0\" data-delimiter=\",\">0<\/span>\n\t\t\t\t<span class=\"elementor-counter-number-suffix\"><\/span>\n\t\t\t<\/div>\n\t\t\t\t\t\t\t<div class=\"elementor-counter-title\">Students<\/div>\n\t\t\t\t\t<\/div>\n\t\t\t\t<\/div>\n\t\t\t\t<\/div>\n\t\t\t\t<div class=\"elementor-element elementor-element-ee222ca elementor-widget elementor-widget-spacer\" data-id=\"ee222ca\" data-element_type=\"widget\" data-widget_type=\"spacer.default\">\n\t\t\t\t<div class=\"elementor-widget-container\">\n\t\t\t\t\t<div class=\"elementor-spacer\">\n\t\t\t<div class=\"elementor-spacer-inner\"><\/div>\n\t\t<\/div>\n\t\t\t\t<\/div>\n\t\t\t\t<\/div>\n\t\t\t\t\t\t<\/div>\n\t\t\t\t\t<\/div>\n\t\t<\/div>\n\t\t\t\t\t\t\t\t<\/div>\n\t\t\t\t\t<\/div>\n\t\t<\/section>\n\t\t\t\t\t\t\t\t\t<\/div>\n\t\t\t<\/div>\n\t\t\t\t\t<\/div>\n\t\t","protected":false},"excerpt":{"rendered":"<p>About our school Gymnasio Nikaias is a public school near the city of Larisa!\u00a0 We share the building with the high school of Nikaia. There are 163 students that are educated by our 17 teachers. Education Gymnasio Nikaias administers its students with general knowledge like mathematics, ancient Greek, Greek literature, Homer\u2019 epic poems etc.\u00a0English, German, &hellip;<\/p>\n<p class=\"read-more\"> <a class=\"\" href=\"http:\/\/www.lsg.cz\/erasmus\/participants\/greece\/\"> <span class=\"screen-reader-text\">Greece<\/span> Pokra\u010dovat ve \u010dten\u00ed &raquo;<\/a><\/p>\n","protected":false},"author":1,"featured_media":0,"parent":1738,"menu_order":0,"comment_status":"closed","ping_status":"closed","template":"","meta":{"site-sidebar-layout":"no-sidebar","site-content-layout":"page-builder","ast-global-header-display":"","ast-main-header-display":"","ast-hfb-above-header-display":"","ast-hfb-below-header-display":"","ast-hfb-mobile-header-display":"","site-post-title":"disabled","ast-breadcrumbs-content":"","ast-featured-img":"disabled","footer-sml-layout":"","theme-transparent-header-meta":"default","adv-header-id-meta":"","stick-header-meta":"","header-above-stick-meta":"","header-main-stick-meta":"","header-below-stick-meta":"","footnotes":""},"_links":{"self":[{"href":"http:\/\/www.lsg.cz\/erasmus\/wp-json\/wp\/v2\/pages\/1686"}],"collection":[{"href":"http:\/\/www.lsg.cz\/erasmus\/wp-json\/wp\/v2\/pages"}],"about":[{"href":"http:\/\/www.lsg.cz\/erasmus\/wp-json\/wp\/v2\/types\/page"}],"author":[{"embeddable":true,"href":"http:\/\/www.lsg.cz\/erasmus\/wp-json\/wp\/v2\/users\/1"}],"replies":[{"embeddable":true,"href":"http:\/\/www.lsg.cz\/erasmus\/wp-json\/wp\/v2\/comments?post=1686"}],"version-history":[{"count":6,"href":"http:\/\/www.lsg.cz\/erasmus\/wp-json\/wp\/v2\/pages\/1686\/revisions"}],"predecessor-version":[{"id":1747,"href":"http:\/\/www.lsg.cz\/erasmus\/wp-json\/wp\/v2\/pages\/1686\/revisions\/1747"}],"up":[{"embeddable":true,"href":"http:\/\/www.lsg.cz\/erasmus\/wp-json\/wp\/v2\/pages\/1738"}],"wp:attachment":[{"href":"http:\/\/www.lsg.cz\/erasmus\/wp-json\/wp\/v2\/media?parent=1686"}],"curies":[{"name":"wp","href":"https:\/\/api.w.org\/{rel}","templated":true}]}}